{"id":161,"date":"2022-02-02T11:29:34","date_gmt":"2022-02-02T11:29:34","guid":{"rendered":"https:\/\/adventurerace.fi\/?page_id=161"},"modified":"2022-06-15T09:35:12","modified_gmt":"2022-06-15T09:35:12","slug":"saannot","status":"publish","type":"page","link":"https:\/\/adventurerace.fi\/en\/saannot\/","title":{"rendered":"Rules"},"content":{"rendered":"<p>[et_pb_section fb_built=&#8221;1&#8243; _builder_version=&#8221;4.16&#8243; _module_preset=&#8221;default&#8221; background_color=&#8221;#000000&#8243; global_colors_info=&#8221;{}&#8221;][et_pb_row _builder_version=&#8221;4.16&#8243; _module_preset=&#8221;default&#8221; global_colors_info=&#8221;{}&#8221;][et_pb_column type=&#8221;4_4&#8243; _builder_version=&#8221;4.16&#8243; _module_preset=&#8221;default&#8221; global_colors_info=&#8221;{}&#8221;][et_pb_text _builder_version=&#8221;4.16&#8243; _module_preset=&#8221;default&#8221; text_text_color=&#8221;#FFFFFF&#8221; header_text_color=&#8221;#FFFFFF&#8221; custom_margin=&#8221;||-33px||false|false&#8221; header_font_size_tablet=&#8221;&#8221; header_font_size_phone=&#8221;32px&#8221; header_font_size_last_edited=&#8221;on|phone&#8221; global_colors_info=&#8221;{}&#8221;]<\/p>\n<div class=\"elementor-element elementor-element-1f6e04c9 elementor-widget elementor-widget-heading\" data-id=\"1f6e04c9\" data-element_type=\"widget\" data-widget_type=\"heading.default\">\n<div class=\"elementor-widget-container\">\n<h1 class=\"elementor-heading-title elementor-size-default\">S\u00c4\u00c4NN\u00d6T<\/h1>\n<\/div>\n<\/div>\n<div class=\"elementor-element elementor-element-6e3a8291 elementor-widget elementor-widget-text-editor\" data-id=\"6e3a8291\" data-element_type=\"widget\" data-widget_type=\"text-editor.default\">\n<div class=\"elementor-widget-container\">\n<div class=\"elementor-text-editor elementor-clearfix\">\n<p>&nbsp;<\/p>\n<\/div>\n<\/div>\n<\/div>\n<p>[\/et_pb_text][et_pb_divider color=&#8221;#FF250C&#8221; divider_weight=&#8221;3px&#8221; _builder_version=&#8221;4.16&#8243; _module_preset=&#8221;default&#8221; width=&#8221;200px&#8221; width_tablet=&#8221;&#8221; width_phone=&#8221;150px&#8221; width_last_edited=&#8221;on|phone&#8221; max_width=&#8221;150px&#8221; global_colors_info=&#8221;{}&#8221;][\/et_pb_divider][et_pb_text _builder_version=&#8221;4.16&#8243; _module_preset=&#8221;default&#8221; text_text_color=&#8221;#FFFFFF&#8221; header_text_color=&#8221;#FFFFFF&#8221; header_2_font=&#8221;|700|||||||&#8221; header_2_text_color=&#8221;#FFFFFF&#8221; header_2_font_size=&#8221;20px&#8221; header_3_text_color=&#8221;#FFFFFF&#8221; header_3_font_size=&#8221;20px&#8221; global_colors_info=&#8221;{}&#8221;]<\/p>\n<div class=\"elementor-element elementor-element-1f6e04c9 elementor-widget elementor-widget-heading\" data-id=\"1f6e04c9\" data-element_type=\"widget\" data-widget_type=\"heading.default\">\n<div class=\"elementor-widget-container\">\n<h2 class=\"elementor-heading-title elementor-size-default\">SEIKKAILIJAT sitoutuvat noudattamaan n\u00e4it\u00e4 s\u00e4\u00e4nt\u00f6j\u00e4:<\/h2>\n<\/div>\n<\/div>\n<div class=\"elementor-element elementor-element-6e3a8291 elementor-widget elementor-widget-text-editor\" data-id=\"6e3a8291\" data-element_type=\"widget\" data-widget_type=\"text-editor.default\">\n<div class=\"elementor-widget-container\">\n<div class=\"elementor-text-editor elementor-clearfix\">\n<ul>\n<li>Seikkailu- ja kisasarjassa kukin tiimi valitsee rastille suorittajat. Jokaisen tiimil\u00e4isen ei tarvitse osallistua jokaisella rastilla teht\u00e4v\u00e4n suorittamiseen, jos tilanne ei sit\u00e4 vaadi. Parikisassa tiimil\u00e4iset suorittavat kaikki eteen tulevat rastiteht\u00e4v\u00e4t.<\/li>\n<li>Jokaisen tiimil\u00e4isen on osallistuttava ainakin yhden rastin suorittamiseen.<\/li>\n<li>Teht\u00e4v\u00e4rastit on suoritettava karttaan merkityss\u00e4 numeroj\u00e4rjestyksess\u00e4.<\/li>\n<li>Joukkueen j\u00e4senten tulee kulkea koko kilpailun ajan n\u00e4k\u00f6et\u00e4isyydell\u00e4 toisistaan.<\/li>\n<li>Seikkailu- ja kisasarjan, sek\u00e4 Parikisan voittaja on tiimi, joka suorittaa radan nopeiten. Voittaakseen tiimin t\u00e4ytyy suorittaa kaikki rastit. Kaikkien tiimil\u00e4isten tulee saapua yhdess\u00e4 maaliin.<\/li>\n<li>Rastin suorittamatta j\u00e4tt\u00e4minen ev\u00e4\u00e4 oikeuden sijoittua.<\/li>\n<li>Turvallisuus- ja liikennesyist\u00e4 karttaan merkitylt\u00e4 reitilt\u00e4 ei saa poistua.<\/li>\n<li>Pihamaille ja viljellylle pelloille meneminen on kielletty.<\/li>\n<li>Suorituksen maksimiaika on 6 tuntia.<\/li>\n<li>Jos seikkailu keskeytyy, siit\u00e4 tulee ilmoittaa seikkailuinfoon tai rastivalvojalle.<\/li>\n<\/ul>\n<h3><strong>Tulokset<\/strong><\/h3>\n<ul>\n<li>Jokainen joukkue saa tuloksen matkaan k\u00e4ytetyn ajan mukaan.<\/li>\n<\/ul>\n<h3><strong>Vakuutukset<\/strong><\/h3>\n<ul>\n<li>J\u00e4rjest\u00e4j\u00e4 ei vakuuta seikkailijoita kilpailun ajaksi. Jokainen osallistuja seikkailee omalla vastuullaan, joten ennen tapahtumap\u00e4iv\u00e4\u00e4 on varmistettava vakuutusten kattavuus ja voimassaolo.<\/li>\n<li>J\u00e4rjest\u00e4j\u00e4ll\u00e4 on vastuuvakuutus.<\/li>\n<\/ul>\n<h3><strong>Ik\u00e4raja<\/strong><\/h3>\n<ul>\n<li>Ik\u00e4raja on 18 vuotta.<\/li>\n<\/ul>\n<h3><strong>Reklamaatiot<\/strong><\/h3>\n<ul>\n<li>Ep\u00e4oikeudenmukaisen tilanteen sattuessa, joukkueilla on mahdollisuus tehd\u00e4 reklamaatio. Reklamaatiomaksu on 50\u20ac, joka palautetaan, mik\u00e4li reklamaatio menee l\u00e4pi.<\/li>\n<\/ul>\n<h3><strong>Rikkomukset<\/strong><\/h3>\n<ul>\n<li>S\u00e4\u00e4nt\u00f6jen laiminly\u00f6misest\u00e4 voi seurata aikasakko tai hylk\u00e4ys.<\/li>\n<li>J\u00e4rjest\u00e4j\u00e4 pid\u00e4tt\u00e4\u00e4 oikeuden reitti\u00e4 ja rastiteht\u00e4vi\u00e4 koskeviin muutoksiin.<\/li>\n<\/ul>\n<\/div>\n<\/div>\n<\/div>\n<p>[\/et_pb_text][et_pb_button button_url=&#8221;https:\/\/ssl.eventilla.com\/event\/aq6X7&#8243; button_text=&#8221;ILMOITTAUDU MUKAAN&#8221; button_alignment=&#8221;center&#8221; _builder_version=&#8221;4.17.4&#8243; custom_button=&#8221;on&#8221; button_text_size=&#8221;14px&#8221; button_bg_color=&#8221;#FF250C&#8221; button_bg_color_gradient_direction=&#8221;90deg&#8221; button_bg_color_gradient_stops=&#8221;#f92c8b 0%|#b02cd6 100%&#8221; button_bg_color_gradient_start=&#8221;#f92c8b&#8221; button_bg_color_gradient_end=&#8221;#b02cd6&#8243; button_border_width=&#8221;15px&#8221; button_border_color=&#8221;RGBA(0,0,0,0)&#8221; button_border_radius=&#8221;100px&#8221; button_letter_spacing=&#8221;1px&#8221; button_font=&#8221;|500||on|||||&#8221; background_layout=&#8221;dark&#8221; custom_margin=&#8221;|||&#8221; custom_padding=&#8221;||||true|true&#8221; hover_enabled=&#8221;0&#8243; button_text_color_hover=&#8221;#ffffff&#8221; button_border_color_hover=&#8221;#3FA2F7 &#8221; button_letter_spacing_hover=&#8221;5.5px&#8221; button_bg_color_hover=&#8221;#3FA2F7 &#8221; locked=&#8221;off&#8221; global_colors_info=&#8221;{}&#8221; button_text_size__hover_enabled=&#8221;off&#8221; button_one_text_size__hover_enabled=&#8221;off&#8221; button_two_text_size__hover_enabled=&#8221;off&#8221; button_text_color__hover_enabled=&#8221;on&#8221; button_text_color__hover=&#8221;#ffffff&#8221; button_one_text_color__hover_enabled=&#8221;off&#8221; button_two_text_color__hover_enabled=&#8221;off&#8221; button_border_width__hover_enabled=&#8221;off&#8221; button_one_border_width__hover_enabled=&#8221;off&#8221; button_two_border_width__hover_enabled=&#8221;off&#8221; button_border_color__hover_enabled=&#8221;off|hover&#8221; button_border_color__hover=&#8221;RGBA(0,0,0,0)&#8221; button_one_border_color__hover_enabled=&#8221;off&#8221; button_two_border_color__hover_enabled=&#8221;off&#8221; button_border_radius__hover_enabled=&#8221;off&#8221; button_one_border_radius__hover_enabled=&#8221;off&#8221; button_two_border_radius__hover_enabled=&#8221;off&#8221; button_letter_spacing__hover_enabled=&#8221;on&#8221; button_letter_spacing__hover=&#8221;3px&#8221; button_one_letter_spacing__hover_enabled=&#8221;off&#8221; button_two_letter_spacing__hover_enabled=&#8221;off&#8221; button_bg_color__hover_enabled=&#8221;on|desktop&#8221; button_bg_color__hover=&#8221;#FF6959&#8243; button_one_bg_color__hover_enabled=&#8221;off&#8221; button_two_bg_color__hover_enabled=&#8221;off&#8221; button_bg_enable_color__hover=&#8221;on&#8221; sticky_enabled=&#8221;0&#8243; url_new_window=&#8221;on&#8221;][\/et_pb_button][\/et_pb_column][\/et_pb_row][\/et_pb_section]<\/p>\n","protected":false},"excerpt":{"rendered":"<p>S\u00c4\u00c4NN\u00d6T &nbsp; SEIKKAILIJAT sitoutuvat noudattamaan n\u00e4it\u00e4 s\u00e4\u00e4nt\u00f6j\u00e4: Seikkailu- ja kisasarjassa kukin tiimi valitsee rastille suorittajat. Jokaisen tiimil\u00e4isen ei tarvitse osallistua jokaisella rastilla teht\u00e4v\u00e4n suorittamiseen, jos tilanne ei sit\u00e4 vaadi. Parikisassa tiimil\u00e4iset suorittavat kaikki eteen tulevat rastiteht\u00e4v\u00e4t. Jokaisen tiimil\u00e4isen on osallistuttava ainakin yhden rastin suorittamiseen. Teht\u00e4v\u00e4rastit on suoritettava karttaan merkityss\u00e4 numeroj\u00e4rjestyksess\u00e4. Joukkueen j\u00e4senten tulee kulkea koko [&hellip;]<\/p>\n","protected":false},"author":1,"featured_media":0,"parent":0,"menu_order":0,"comment_status":"closed","ping_status":"closed","template":"","meta":{"_seopress_robots_primary_cat":"","_seopress_titles_title":"S\u00e4\u00e4nn\u00f6t - Adventure Race Rovaniemi","_seopress_titles_desc":"Seikkailijat sitoutuvat noudattamaan n\u00e4it\u00e4 s\u00e4\u00e4nt\u00f6j\u00e4.","_seopress_robots_index":"","_et_pb_use_builder":"on","_et_pb_old_content":"","_et_gb_content_width":"","footnotes":""},"class_list":["post-161","page","type-page","status-publish","hentry"],"_links":{"self":[{"href":"https:\/\/adventurerace.fi\/en\/wp-json\/wp\/v2\/pages\/161","targetHints":{"allow":["GET"]}}],"collection":[{"href":"https:\/\/adventurerace.fi\/en\/wp-json\/wp\/v2\/pages"}],"about":[{"href":"https:\/\/adventurerace.fi\/en\/wp-json\/wp\/v2\/types\/page"}],"author":[{"embeddable":true,"href":"https:\/\/adventurerace.fi\/en\/wp-json\/wp\/v2\/users\/1"}],"replies":[{"embeddable":true,"href":"https:\/\/adventurerace.fi\/en\/wp-json\/wp\/v2\/comments?post=161"}],"version-history":[{"count":11,"href":"https:\/\/adventurerace.fi\/en\/wp-json\/wp\/v2\/pages\/161\/revisions"}],"predecessor-version":[{"id":481,"href":"https:\/\/adventurerace.fi\/en\/wp-json\/wp\/v2\/pages\/161\/revisions\/481"}],"wp:attachment":[{"href":"https:\/\/adventurerace.fi\/en\/wp-json\/wp\/v2\/media?parent=161"}],"curies":[{"name":"wp","href":"https:\/\/api.w.org\/{rel}","templated":true}]}}