{"id":208,"date":"2022-02-03T08:04:40","date_gmt":"2022-02-03T08:04:40","guid":{"rendered":"https:\/\/adventurerace.fi\/?page_id=208"},"modified":"2022-02-03T08:23:29","modified_gmt":"2022-02-03T08:23:29","slug":"rekisteriseloste","status":"publish","type":"page","link":"https:\/\/adventurerace.fi\/en\/rekisteriseloste\/","title":{"rendered":"Privacy Policy"},"content":{"rendered":"\n[et_pb_section fb_built=&#8221;1&#8243; _builder_version=&#8221;4.9.0&#8243; _module_preset=&#8221;default&#8221; background_color=&#8221;#000000&#8243;][et_pb_row _builder_version=&#8221;4.9.0&#8243; _module_preset=&#8221;default&#8221;][et_pb_column type=&#8221;4_4&#8243; _builder_version=&#8221;4.9.0&#8243; _module_preset=&#8221;default&#8221;][et_pb_text _builder_version=&#8221;4.9.0&#8243; _module_preset=&#8221;default&#8221; text_text_color=&#8221;#FFFFFF&#8221; header_text_color=&#8221;#FFFFFF&#8221; header_font_size=&#8221;31px&#8221; header_4_text_color=&#8221;#FFFFFF&#8221; hover_enabled=&#8221;0&#8243; header_2_text_color=&#8221;#FFFFFF&#8221; header_3_text_color=&#8221;#FFFFFF&#8221; header_4_font_size=&#8221;22px&#8221; header_3_font_size=&#8221;21px&#8221; header_2_font_size=&#8221;22px&#8221; sticky_enabled=&#8221;0&#8243;]<div class=\"elementor-element elementor-element-9e7812c elementor-widget elementor-widget-heading\" data-id=\"9e7812c\" data-element_type=\"widget\" data-widget_type=\"heading.default\">\n<div class=\"elementor-widget-container\">\n<h1 class=\"elementor-heading-title elementor-size-default\">TIETOSUOJASELOSTE<\/h1>\n<\/div>\n<\/div>\n<div class=\"elementor-element elementor-element-6e3a8291 elementor-widget elementor-widget-text-editor\" data-id=\"6e3a8291\" data-element_type=\"widget\" data-widget_type=\"text-editor.default\">\n<div class=\"elementor-widget-container\">\n<div class=\"elementor-text-editor elementor-clearfix\">\n<p>Adventure Race:n asiakas-, kumppani- ja markkinointitietoja koskeva tietosuojaseloste.<\/p>\n<h2>1 REKISTERINPIT\u00c4J\u00c4<\/h2>\n<p>PRO PoweriaP\u00e4iv\u00e4\u00e4n Oy<br \/> Y-tunnus: 2954931-2<\/p>\n<h3>2 YHTEYSTIEDOT REKISTERI\u00c4 KOSKEVISSA ASIOISSA<\/h3>\n<p>Adventure Race<br \/> <span style=\"color: #ffffff;\"><a class=\"SearchResult__Link\" href=\"https:\/\/www.fonecta.fi\/kartat\/66.532861,25.82998?address=Porraskuja%208%2C%2096900%20Saarenkyl%C3%A4&amp;edsacid=ofs-finder-profile-location\" target=\"_blank\" rel=\"nofollow noopener noreferrer\" data-track-link=\"profileLink\" data-tracking-profile-link=\"{\" style=\"color: #ffffff;\">Porraskuja 8, 96900 Saarenkyl\u00e4<\/a><\/span><br \/> <span style=\"color: #ffffff;\"> <a href=\"mailto:info@adventurerace.fi\" style=\"color: #ffffff;\">info@adventurerace.fi<\/a><\/span><\/p>\n<h2>3 REKISTERIN NIMI<\/h2>\n<p>Adventure Race:n asiakas-, kumppani- ja markkinointirekisteri.<\/p>\n<h3>4 HENKIL\u00d6TIETOJEN K\u00c4SITTELYN TARKOITUS JA PERUSTE<\/h3>\n<p>Rekister\u00f6innin perusteena on asiakkaan tai kumppanin Adventure Racen kanssa sopimuksella vahvistettu liiketoimintasuhde tai erillinen suostumus asiakastietojen k\u00e4sittelyyn. Rekisteri tarkoituksena on yll\u00e4pit\u00e4\u00e4 Adventure Racen asiakkaiden ja kumppaneiden v\u00e4lisen yhteisty\u00f6n edellytt\u00e4mi\u00e4 henkil\u00f6tietoja, varmistaa sujuva asiakaspalvelu sek\u00e4 etujen ja palveluiden tuottaminen ja tarjoaminen, mahdollistaa markkinointi sek\u00e4 liiketoiminnan suunnittelu ja kehitt\u00e4minen.<\/p>\n<p>Henkil\u00f6tietoja ker\u00e4t\u00e4\u00e4n ja k\u00e4sitell\u00e4\u00e4n asiakkaan tai kumppanin kanssa seuraavissa tarkoituksissa:<\/p>\n<ul>\n<li>Tapahtumapalveluostojen, p\u00e4\u00e4sylippu ostojen tai muiden palvelu-\/ tavaraostojen toteutukseen ja vahvistamiseen asiakkaalle<\/li>\n<li>uutiskirjeen l\u00e4hett\u00e4mist\u00e4 varten<\/li>\n<li>s\u00e4hk\u00f6postien l\u00e4hett\u00e4mist\u00e4 varten<\/li>\n<li>yritysasiakkaille sovitun kokonaisuuden tuottamiseen, toimittamiseen, laskutukseen sek\u00e4 asiakassuhteen hoitamiseen<\/li>\n<li>tuotteiden, palveluiden ja liiketoiminnan analysointiin ja kehitt\u00e4miseen sek\u00e4 tarvittavaan tilastointiin<\/li>\n<li>palaute-, poikkeama ja tyytyv\u00e4isyystietojen ker\u00e4\u00e4miseen<\/li>\n<li>\u00a0mainonta, markkinointi ja suoramarkkinointi tarkoitukseen. Rekister\u00f6idyll\u00e4 on oikeus kielt\u00e4\u00e4 h\u00e4neen kohdistuva suoramarkkinointi<\/li>\n<li><span>Ev\u00e4steit\u00e4 hy\u00f6dynnet\u00e4\u00e4n nopeuttamaan sivun toimintaa ja yksinkertaistamaan kirjautumista ja kohdentamaan sivuston sis\u00e4lt\u00f6\u00e4 paremmin k\u00e4ytt\u00e4j\u00e4lle sopivaksi. Kaikkea ev\u00e4steiden ker\u00e4\u00e4m\u00e4\u00e4 tietoa voidaan k\u00e4ytt\u00e4\u00e4 Adventure Racen tarjoaman palvelun kohdentamiseen k\u00e4ytt\u00e4j\u00e4lle. Adventure Race k\u00e4ytt\u00e4\u00e4 ev\u00e4steit\u00e4 vain seuratakseen tietoa, jonka sivuston ev\u00e4ste on asentanut k\u00e4ytt\u00e4j\u00e4n tietokoneelle.<\/span><\/li>\n<\/ul>\n<p>Useimpien selainten valikossa on kohta, joka kertoo kuinka ev\u00e4steiden hyv\u00e4ksynt\u00e4 voidaan est\u00e4\u00e4, kuinka selain ilmoittaa ev\u00e4steiden vastaanottamisesta ja kuinka ev\u00e4steet voidaan sulkea. Mik\u00e4li ev\u00e4steet suljetaan, sivuston k\u00e4ytt\u00f6 voi rajoittua tai hidastua.<\/p>\n<h2>5 REKISTERIN TIETOSIS\u00c4LT\u00d6<\/h2>\n<p>Rekisteri sis\u00e4lt\u00e4\u00e4 seuraavia asiakas\/kumppanitietoja, kuten:<\/p>\n<ul>\n<li>Asiakkuuden tyyppi: Asiakas\/kumppani\/uutiskirjeen tilaaja<\/li>\n<li>Asiakasnumero<\/li>\n<li>Yhteyshenkil\u00f6(t)<\/li>\n<li>Yhteyshenkil\u00f6iden rooli (Yritysasiakkaat)<\/li>\n<li>Osoite<\/li>\n<li>Laskutustiedot<\/li>\n<li><span>Tilatut ja toimitetut palvelut<\/span><\/li>\n<li>Yhteisty\u00f6kumppaneidemme toimittaman palvelun kautta kertyv\u00e4 tieto<\/li>\n<li>Ev\u00e4steiden k\u00e4ytt\u00f6<\/li>\n<\/ul>\n<h4>6 REKISTERIN TIETOL\u00c4HTEET<\/h4>\n<p>P\u00e4\u00e4asiallinen henkil\u00f6tietol\u00e4hde on asiakkaan tai kumppanin itse ilmoittamat tiedot yhteisty\u00f6n k\u00e4ynnistyess\u00e4, tai sen aikana sek\u00e4 yhteisty\u00f6t\u00e4 koskevissa palaute, poikkeama, tyytyv\u00e4isyys ja tutkimus tarkoituksessa ker\u00e4tyst\u00e4 tiedosta.<br \/> Henkil\u00f6tietoa kertyy my\u00f6s asiakaspalvelupisteiss\u00e4 (kuten puhelimitse, s\u00e4hk\u00f6postitse, asiakapalvelutiskill\u00e4 tai lomakkeiden kautta www.adventurerace.fi -sivustolla) asioinneista.<br \/> Henkil\u00f6tietoa voi kerty\u00e4 lis\u00e4palveluiden oston yhteydess\u00e4.<br \/> Ostetut markkinointik\u00e4ytt\u00f6\u00f6n tarkoitetut rekisterit.<\/p>\n<h4>7 TIETOJEN LUOVUTUS<\/h4>\n<p>Rekister\u00f6ity\u00e4 koskevia tietoja voidaan luovuttaa Rekisterinpit\u00e4j\u00e4n ja sen tyt\u00e4r- \/sisaryhti\u00f6iden sis\u00e4ll\u00e4 sek\u00e4 yhteisty\u00f6kumppaneillemme kuvatun k\u00e4ytt\u00f6tarkoituksen toteuttamiseksi. Muutoin tietoja luovutetaan vain lain sallimissa ja velvoittamissa rajoissa.<\/p>\n<p>Tietoja ei siirret\u00e4 EU- tai ETA-alueen ulkopuolelle, jollei palvelun toteutus sit\u00e4 edellyt\u00e4. T\u00e4llaisessakin tapauksessa Rekisterinpit\u00e4j\u00e4 takaa, ett\u00e4 tarpeellisesta tietoturvatasosta huolehditaan voimassa olevan lains\u00e4\u00e4d\u00e4nn\u00f6n mukaisesti.<\/p>\n<h4>8 TIETOJEN SUOJAUS JA S\u00c4ILYTYS<\/h4>\n<p>Henkil\u00f6tietojen k\u00e4sittelyn l\u00e4ht\u00f6kohta on rekister\u00f6idyn oikeuksien ja vapauden kunnioittaminen tiedon k\u00e4sittelyn kaikissa vaiheissa, ja ett\u00e4 henkil\u00f6tiedon k\u00e4sittelyn oikeusperuste on varmistettu. Rekisterinpit\u00e4j\u00e4 ker\u00e4\u00e4 ja k\u00e4sittelee vain niit\u00e4 henkil\u00f6tietoja, jotka ovat v\u00e4ltt\u00e4m\u00e4tt\u00f6mi\u00e4 toiminnan kannalta.<\/p>\n<p>Digitaaliseen aineistoon on p\u00e4\u00e4sy vain siihen oikeutetun ty\u00f6ntekij\u00e4n, ammatinhar-joittajan tai yhteisty\u00f6kumppanin henkil\u00f6kohtaisella k\u00e4ytt\u00e4j\u00e4tunnuksella ja salasanalla. K\u00e4ytt\u00f6oikeuksia on eritasoisia ja kullekin k\u00e4ytt\u00e4j\u00e4lle annetaan teht\u00e4v\u00e4n hoitamisen kannalta riitt\u00e4v\u00e4, mutta mahdollisimman suppea k\u00e4ytt\u00f6oikeus.<\/p>\n<p>Asiakas\/kumppani tietoja s\u00e4ilytet\u00e4\u00e4n rekisteriss\u00e4 asiakassuhteen p\u00e4\u00e4ttymisen ja kaikkien velvoitteiden t\u00e4ytt\u00e4misen j\u00e4lkeen v\u00e4hint\u00e4\u00e4n 1 vuosi ellei erikseen ole muuta sovittu tai lains\u00e4\u00e4d\u00e4nt\u00f6 muuta edellyt\u00e4.<\/p>\n<h4>9 MUUT HENKIL\u00d6TIETOJEN K\u00c4SITTELYYN LIITTYV\u00c4T REKISTER\u00d6IDYN OIKEUDET<\/h4>\n<p><strong>Rekister\u00f6idyn oikeus saada p\u00e4\u00e4sy tietoihin (tarkastusoikeus)<\/strong><br \/> Rekister\u00f6idyll\u00e4 on oikeus tarkastaa, mit\u00e4 h\u00e4nt\u00e4 koskevia tietoja rekisteriin on talletettu. Tarkastuspyynt\u00f6 tulee osoittaa kirjallisesti ja allekirjoitettuna t\u00e4m\u00e4n tietosuojaselosteen kohdassa 2 mainitulle rekisterin yhteyspisteelle. Rekister\u00f6idyn tulee varautua todistamaan henkil\u00f6llisyytens\u00e4 Rekisterinpit\u00e4j\u00e4n antamien ohjeiden mukaisesti.<\/p>\n<p><strong>Rekister\u00f6idyn oikeus vaatia tiedon oikaisemista, poistamista tai k\u00e4sittelyn rajoittamista<\/strong><br \/> Rekister\u00f6ity voi pyyt\u00e4\u00e4 omien tietojensa oikaisua saatuaan tiedon virheest\u00e4 tai itse havaittuaan virheen. Jos rekister\u00f6idyll\u00e4 on mahdollisuus oikaista virhe, tulee h\u00e4nen ilman viivytyst\u00e4 korjata, poistaa tai t\u00e4ydent\u00e4\u00e4 virheellinen, tarpeeton tai vanhentunut tieto. Jos rekister\u00f6ity ei itse pysty korjaamaan tietoa, tulee korjauspyynt\u00f6 tehd\u00e4.<\/p>\n<p>Silt\u00e4 osin kuin rekister\u00f6ity ei pysty korjaamaan tietoja itse, korjauspyynt\u00f6 tulee tehd\u00e4 tietosuojaselosteen kohdassa 2 mainitulle rekisterin yhteyspisteelle. Rekister\u00f6idyn tulee varautua todistamaan henkil\u00f6llisyytens\u00e4 Rekisterinpit\u00e4j\u00e4n antamien ohjeiden mukaisesti.<\/p>\n<p>Rekister\u00f6idyll\u00e4 on my\u00f6s oikeus vaatia rekisterinpit\u00e4j\u00e4\u00e4 rajoittamaan henkil\u00f6tietojensa k\u00e4sittely\u00e4 esimerkiksi siin\u00e4 tilanteessa, kun rekister\u00f6ity odottaa vastausta tietojensa oikaisemista tai poistamista koskevaan pyynt\u00f6\u00f6n.<\/p>\n<p>Adventure Race varaa oikeuden rajoittaa maksuttomien oikaisu-, poistamistiedusteluiden m\u00e4\u00e4r\u00e4n yhteen kertaan per vuosi.<\/p>\n<p><strong>Rekister\u00f6idyn oikeus siirt\u00e4\u00e4 tiedot j\u00e4rjestelm\u00e4st\u00e4 toiseen<\/strong><\/p>\n<p>Silt\u00e4 osin kun rekister\u00f6ity on itse toimittanut asiakasrekisteriin tietoja, joita k\u00e4sitell\u00e4\u00e4n rekister\u00f6idyn antaman suostumuksen tai toimeksiannon nojalla, rekister\u00f6idyll\u00e4 on oikeus saada t\u00e4llaiset tiedot itselleen p\u00e4\u00e4s\u00e4\u00e4nt\u00f6isesti koneluettavassa muodossa ja oikeus siirt\u00e4\u00e4 n\u00e4m\u00e4 tiedot toiselle rekisterinpit\u00e4j\u00e4lle.<br \/> Pyydett\u00e4ess\u00e4 siirtoa kirjallisesti, Rekisterinpit\u00e4j\u00e4 toimittaa tarkastusoikeuskohdassa kuvatut tiedot kohtuullisessa ajassa huomioiden toimitettavan tiedon laajuuden. Rekister\u00f6idyn tulee varautua todistamaan henkil\u00f6llisyytens\u00e4 Rekisterinpit\u00e4j\u00e4n antamien ohjeiden mukaisesti.<\/p>\n<p><strong>Muut oikeudet<\/strong><\/p>\n<p>Rekister\u00f6idyll\u00e4 on oikeus tehd\u00e4 valitus toimivaltaiselle valvontaviranomaiselle, jos Rekisterinpit\u00e4j\u00e4 ei ole noudattanut toiminnassaan soveltuvaa tietosuojas\u00e4\u00e4ntely\u00e4.<\/p>\n<h4>10 YHTEYDENOTOT<\/h4>\n<p>Kaikissa henkil\u00f6tietoihin liittyviss\u00e4 kysymyksiss\u00e4 ja pyynn\u00f6iss\u00e4 rekister\u00f6idyn tulee ottaa yhteytt\u00e4 kohdassa 2 mainittuun Rekisterinpit\u00e4j\u00e4n henkil\u00f6rekisterist\u00e4 vastaavaan tahoon.<\/p>\n<h4>11. KOLMANSIEN OSAPUOLTEN SIVUSTOT JA PALVELUT<\/h4>\n<p>T\u00e4m\u00e4 tietosuojaseloste soveltuu vain Adventure Racen yll\u00e4pit\u00e4miin sivustoihin emmek\u00e4 ole vastuussa muiden sivustojen tietosuojak\u00e4yt\u00e4nn\u00f6ist\u00e4. Sivusto voi sis\u00e4lt\u00e4\u00e4 linkkej\u00e4 kolmansien sivustoille. Suosittelemme k\u00e4ytt\u00e4j\u00e4\u00e4 tarkistamaan k\u00e4ytt\u00e4miens\u00e4 muiden sivustojen tietosuojaselosteet.<\/p>\n<h4>12. TIETOSUOJASELOSTEEN MUUTOKSET<\/h4>\n<p>Adventure Race voi muuttaa t\u00e4t\u00e4 tietosuojaselostetta. Muutettu tietosuojaseloste on saatavilla sivustolta, jotta k\u00e4ytt\u00e4j\u00e4t ovat aina tietoisia miten heid\u00e4n henkil\u00f6tietojaan k\u00e4sitell\u00e4\u00e4n. P\u00e4ivitetty viimeksi 29.10.2019.<\/p>\n<\/div>\n<\/div>\n<\/div>[\/et_pb_text][\/et_pb_column][\/et_pb_row][\/et_pb_section]\n","protected":false},"excerpt":{"rendered":"<p>TIETOSUOJASELOSTE Adventure Race:n asiakas-, kumppani- ja markkinointitietoja koskeva tietosuojaseloste. 1 REKISTERINPIT\u00c4J\u00c4 PRO PoweriaP\u00e4iv\u00e4\u00e4n Oy Y-tunnus: 2954931-2 2 YHTEYSTIEDOT REKISTERI\u00c4 KOSKEVISSA ASIOISSA Adventure Race Porraskuja 8, 96900 Saarenkyl\u00e4 info@adventurerace.fi 3 REKISTERIN NIMI Adventure Race:n asiakas-, kumppani- ja markkinointirekisteri. 4 HENKIL\u00d6TIETOJEN K\u00c4SITTELYN TARKOITUS JA PERUSTE Rekister\u00f6innin perusteena on asiakkaan tai kumppanin Adventure Racen kanssa sopimuksella vahvistettu liiketoimintasuhde [&hellip;]<\/p>\n","protected":false},"author":1,"featured_media":0,"parent":0,"menu_order":0,"comment_status":"closed","ping_status":"closed","template":"","meta":{"_seopress_robots_primary_cat":"","_seopress_titles_title":"","_seopress_titles_desc":"Adventure Race:n asiakas-, kumppani- ja markkinointitietoja koskeva tietosuojaseloste.","_seopress_robots_index":"","_et_pb_use_builder":"on","_et_pb_old_content":"","_et_gb_content_width":"","footnotes":""},"class_list":["post-208","page","type-page","status-publish","hentry"],"_links":{"self":[{"href":"https:\/\/adventurerace.fi\/en\/wp-json\/wp\/v2\/pages\/208","targetHints":{"allow":["GET"]}}],"collection":[{"href":"https:\/\/adventurerace.fi\/en\/wp-json\/wp\/v2\/pages"}],"about":[{"href":"https:\/\/adventurerace.fi\/en\/wp-json\/wp\/v2\/types\/page"}],"author":[{"embeddable":true,"href":"https:\/\/adventurerace.fi\/en\/wp-json\/wp\/v2\/users\/1"}],"replies":[{"embeddable":true,"href":"https:\/\/adventurerace.fi\/en\/wp-json\/wp\/v2\/comments?post=208"}],"version-history":[{"count":5,"href":"https:\/\/adventurerace.fi\/en\/wp-json\/wp\/v2\/pages\/208\/revisions"}],"predecessor-version":[{"id":220,"href":"https:\/\/adventurerace.fi\/en\/wp-json\/wp\/v2\/pages\/208\/revisions\/220"}],"wp:attachment":[{"href":"https:\/\/adventurerace.fi\/en\/wp-json\/wp\/v2\/media?parent=208"}],"curies":[{"name":"wp","href":"https:\/\/api.w.org\/{rel}","templated":true}]}}